{"id":2108,"date":"2023-03-15T14:53:56","date_gmt":"2023-03-15T13:53:56","guid":{"rendered":"https:\/\/pozicajma.eu\/?post_type=product&#038;p=2108"},"modified":"2026-05-01T11:02:18","modified_gmt":"2026-05-01T09:02:18","slug":"xiam365-pro-copy","status":"publish","type":"product","link":"https:\/\/pozicajma.eu\/index.php\/produkt\/xiam365-pro-copy\/","title":{"rendered":"XIAM365 PRO"},"content":{"rendered":"<h4>Popis<\/h4>\n<p><strong>Elektrick\u00e1 kolobe\u017eka\u00a0\u00a0XIAM365 PRO\u00a0 je vyroben\u00e1 z \u013eahk\u00fdch pevn\u00fdch zliatin, m\u00e1 ekologick\u00fd a \u00fasporn\u00fd elektromotor novej gener\u00e1cie. Multifunk\u010dn\u00fd displej zobrazuje aktu\u00e1lnu r\u00fdchlos\u0165 a stav nabitia bat\u00e9rie alebo pripojenie k Bluetooth (pomocou\u00a0mobilnej aplik\u00e1cie. kde si m\u00f4\u017eete nastavi\u0165 nielen r\u00fdchlos\u0165 jazdy, ale z\u00edskate preh\u013ead o tom, ko\u013eko kilometrov ste najazdili ,ak\u00fd je stav bat\u00e9rie, \u010di zapnete z\u00e1mok )<\/strong><\/p>\n<ul>\n<li>R\u00fdchlos\u0165\u00a0\u00a025 km\/h &#8211; 31K\/h\u00a0kolobe\u017eku si viete cez APP nastavi\u0165 a\u017e na 31km\/h (pou\u017eitie mimo cestnej komunik\u00e1cie)<\/li>\n<li>Dojazd\u00a0cca 35-40 km<\/li>\n<li>Nosnos\u0165\u00a0150\u00a0kg<\/li>\n<li>Hmotnos\u0165\u00a013,4 kg<\/li>\n<li>TEMPOMAT<\/li>\n<li>Skladacia (rozmer 108 x 43 x 114 cm \/zlo\u017een\u00e1 108 x 43 x 49 cm), z\u00e1mok zabra\u0148uje zlo\u017eeniu pri jazde<\/li>\n<li>Bat\u00e9ria 10.4-5Ah \/ 36 V<\/li>\n<li>V\u00fdkon motoru nomin\u00e1lna 350 W, maxim\u00e1lna 500 W<\/li>\n<li>D\u013a\u017eka\u00a0nab\u00edjania\u00a04 &#8211; 5 hod\u00edn\u00a0(nab\u00edja\u010dka s\u00fa\u010das\u0165ou balenia)<\/li>\n<li>Bezdu\u0161ov\u00e9 pneumatiky Honey 21,6 cm \/ 8,5\u201c<\/li>\n<li>3 jazdn\u00e9 re\u017eimy<\/li>\n<li>Multifunk\u010dn\u00fd displej<\/li>\n<li>Zadn\u00e1 kot\u00fa\u010dov\u00e1 brzda<\/li>\n<li>Predn\u00fd reflektor, zadn\u00e9 koncov\u00e9\/brzdov\u00e9 svetlo s\u00a0v\u00fdstra\u017enou funkciou zabudovanou v blatn\u00edku<\/li>\n<li>N\u00e1\u0161\u013eap s\u00a0proti\u0161mykovou \u00fapravou<\/li>\n<li>Vodeodoln\u00e1\u00a0\u00a0<em>IP65<\/em>\u00a0\u2013 \u010diasto\u010dn\u00e1 ochrana pred vniknut\u00edm prachu, odoln\u00e9 vo\u010di striekaj\u00facej vode\/nie vodotesn\u00e1<\/li>\n<\/ul>\n<p><img fetchpriority=\"high\" decoding=\"async\" class=\"\" src=\"https:\/\/www.tokoshop.sk\/web_data\/kniznica\/New%20Folder\/10.4%20Ah%20(4).jpg\" width=\"526\" height=\"526\" \/><\/p>\n<p>T\u00e1to skvel\u00e1 elektrick\u00e1 kolobe\u017eka vybaven\u00e1 kvalitnou bat\u00e9riou novej gener\u00e1cie 2021 s v\u00fdkonom a\u017e\u00a0<strong>10.5Ah.<\/strong><\/p>\n","protected":false},"excerpt":{"rendered":"<div class=\"elementor-element elementor-element-d098734 elementor-widget elementor-widget-heading\" data-id=\"d098734\" data-element_type=\"widget\" data-widget_type=\"heading.default\">\n<div class=\"elementor-widget-container\">\n<div class=\"elementor-element elementor-element-d098734 elementor-widget elementor-widget-heading\" data-id=\"d098734\" data-element_type=\"widget\" data-widget_type=\"heading.default\">\n<div class=\"elementor-widget-container\">\n<div class=\"elementor-element elementor-element-d098734 elementor-widget elementor-widget-heading\" data-id=\"d098734\" data-element_type=\"widget\" data-widget_type=\"heading.default\">\n<div class=\"elementor-widget-container\">\n<div class=\"elementor-element elementor-element-d098734 elementor-widget elementor-widget-heading\" data-id=\"d098734\" data-element_type=\"widget\" data-widget_type=\"heading.default\">\n<div class=\"elementor-widget-container\">\n<h5 class=\"elementor-heading-title elementor-size-default\">Pre po\u017ei\u010danie sortimentu je potrebn\u00e9 vytvori\u0165 revezv\u00e1ciu.<\/h5>\n<\/div>\n<\/div>\n<section class=\"elementor-section elementor-inner-section elementor-element elementor-element-caaf8d8 elementor-section-boxed elementor-section-height-default elementor-section-height-default\" data-id=\"caaf8d8\" data-element_type=\"section\">\n<div class=\"elementor-container elementor-column-gap-default\">\n<div class=\"elementor-widget-wrap elementor-element-populated\">\n<div class=\"elementor-element elementor-element-09697ed elementor-widget elementor-widget-heading\" data-id=\"09697ed\" data-element_type=\"widget\" data-widget_type=\"heading.default\">\n<div class=\"elementor-widget-container\">\n<h5 class=\"elementor-heading-title elementor-size-default\">Telefonicky: +421 918 474 609<\/h5>\n<\/div>\n<\/div>\n<\/div>\n<div class=\"elementor-column elementor-col-50 elementor-inner-column elementor-element elementor-element-5c29783\" data-id=\"5c29783\" data-element_type=\"column\">\n<div class=\"elementor-widget-wrap elementor-element-populated\">\n<div class=\"elementor-widget-container\">\n<h5 class=\"elementor-heading-title elementor-size-default\">E-mailom: info@pozicajma.eu<\/h5>\n<h5 class=\"elementor-heading-title elementor-size-default\"><a href=\"https:\/\/pozicajma.eu\/index.php\/cennik\/\">Cenn\u00edk<\/a><\/h5>\n<\/div>\n<\/div>\n<\/div>\n<\/div>\n<\/section>\n<\/div>\n<\/div>\n<\/div>\n<\/div>\n<\/div>\n<\/div>\n","protected":false},"featured_media":1916,"comment_status":"open","ping_status":"closed","template":"","meta":{"site-sidebar-layout":"default","site-content-layout":"default","ast-site-content-layout":"default","site-content-style":"default","site-sidebar-style":"default","ast-global-header-display":"","ast-banner-title-visibility":"","ast-main-header-display":"","ast-hfb-above-header-display":"","ast-hfb-below-header-display":"","ast-hfb-mobile-header-display":"","site-post-title":"","ast-breadcrumbs-content":"","ast-featured-img":"","footer-sml-layout":"","ast-disable-related-posts":"","theme-transparent-header-meta":"default","adv-header-id-meta":"","stick-header-meta":"","header-above-stick-meta":"","header-main-stick-meta":"","header-below-stick-meta":"","astra-migrate-meta-layouts":"default","ast-page-background-enabled":"default","ast-page-background-meta":{"desktop":{"background-color":"","background-image":"","background-repeat":"repeat","background-position":"center center","background-size":"auto","background-attachment":"scroll","background-type":"","background-media":"","overlay-type":"","overlay-color":"","overlay-opacity":"","overlay-gradient":""},"tablet":{"background-color":"","background-image":"","background-repeat":"repeat","background-position":"center center","background-size":"auto","background-attachment":"scroll","background-type":"","background-media":"","overlay-type":"","overlay-color":"","overlay-opacity":"","overlay-gradient":""},"mobile":{"background-color":"","background-image":"","background-repeat":"repeat","background-position":"center center","background-size":"auto","background-attachment":"scroll","background-type":"","background-media":"","overlay-type":"","overlay-color":"","overlay-opacity":"","overlay-gradient":""}},"ast-content-background-meta":{"desktop":{"background-color":"var(--ast-global-color-5)","background-image":"","background-repeat":"repeat","background-position":"center center","background-size":"auto","background-attachment":"scroll","background-type":"","background-media":"","overlay-type":"","overlay-color":"","overlay-opacity":"","overlay-gradient":""},"tablet":{"background-color":"var(--ast-global-color-5)","background-image":"","background-repeat":"repeat","background-position":"center center","background-size":"auto","background-attachment":"scroll","background-type":"","background-media":"","overlay-type":"","overlay-color":"","overlay-opacity":"","overlay-gradient":""},"mobile":{"background-color":"var(--ast-global-color-5)","background-image":"","background-repeat":"repeat","background-position":"center center","background-size":"auto","background-attachment":"scroll","background-type":"","background-media":"","overlay-type":"","overlay-color":"","overlay-opacity":"","overlay-gradient":""}}},"product_brand":[],"product_cat":[72],"product_tag":[],"mwb_booking_cost":[],"mwb_booking_service":[],"class_list":{"0":"post-2108","1":"product","2":"type-product","3":"status-publish","4":"has-post-thumbnail","6":"product_cat-kolobezky","7":"desktop-align-left","8":"tablet-align-left","9":"mobile-align-left","11":"first","12":"instock","13":"virtual","14":"product-type-simple"},"_links":{"self":[{"href":"https:\/\/pozicajma.eu\/index.php\/wp-json\/wp\/v2\/product\/2108","targetHints":{"allow":["GET"]}}],"collection":[{"href":"https:\/\/pozicajma.eu\/index.php\/wp-json\/wp\/v2\/product"}],"about":[{"href":"https:\/\/pozicajma.eu\/index.php\/wp-json\/wp\/v2\/types\/product"}],"replies":[{"embeddable":true,"href":"https:\/\/pozicajma.eu\/index.php\/wp-json\/wp\/v2\/comments?post=2108"}],"wp:featuredmedia":[{"embeddable":true,"href":"https:\/\/pozicajma.eu\/index.php\/wp-json\/wp\/v2\/media\/1916"}],"wp:attachment":[{"href":"https:\/\/pozicajma.eu\/index.php\/wp-json\/wp\/v2\/media?parent=2108"}],"wp:term":[{"taxonomy":"product_brand","embeddable":true,"href":"https:\/\/pozicajma.eu\/index.php\/wp-json\/wp\/v2\/product_brand?post=2108"},{"taxonomy":"product_cat","embeddable":true,"href":"https:\/\/pozicajma.eu\/index.php\/wp-json\/wp\/v2\/product_cat?post=2108"},{"taxonomy":"product_tag","embeddable":true,"href":"https:\/\/pozicajma.eu\/index.php\/wp-json\/wp\/v2\/product_tag?post=2108"},{"taxonomy":"mwb_booking_cost","embeddable":true,"href":"https:\/\/pozicajma.eu\/index.php\/wp-json\/wp\/v2\/mwb_booking_cost?post=2108"},{"taxonomy":"mwb_booking_service","embeddable":true,"href":"https:\/\/pozicajma.eu\/index.php\/wp-json\/wp\/v2\/mwb_booking_service?post=2108"}],"curies":[{"name":"wp","href":"https:\/\/api.w.org\/{rel}","templated":true}]}}