{"id":2107,"date":"2023-03-15T14:53:41","date_gmt":"2023-03-15T13:53:41","guid":{"rendered":"https:\/\/pozicajma.eu\/?post_type=product&#038;p=2107"},"modified":"2026-05-06T03:35:12","modified_gmt":"2026-05-06T01:35:12","slug":"ninebot-e45e-copy","status":"publish","type":"product","link":"https:\/\/pozicajma.eu\/index.php\/produkt\/ninebot-e45e-copy\/","title":{"rendered":"Ninebot E45E"},"content":{"rendered":"<h4>Popis<\/h4>\n<p><strong>Cestujte s rados\u0165ou, rozl\u00fa\u010dte sa s dopravn\u00fdmi z\u00e1pchami a presta\u0148te str\u00e1ca\u0165 \u010das. Pohybujte sa po meste, doch\u00e1dzajte do pr\u00e1ce alebo do \u0161koly \u0161t\u00fdlovo a pohodlne &#8211; s voz\u00edtkom Ninebot by Segway E45E. T\u00e1to \u00faplne nov\u00e1 gener\u00e1cia kolobe\u017eiek s\u00e9rie E sa vyzna\u010duje \u0161pi\u010dkov\u00fdm dizajnom, vysokou kvalitou a mno\u017estvom inov\u00e1ci\u00ed.<\/strong><\/p>\n<p><strong>Parametre<\/strong><\/p>\n<ul>\n<li>Maxim\u00e1lna r\u00fdchlos\u0165 27 km\/h<\/li>\n<li>Z\u00e1kladn\u00fd dojazd 40 km<\/li>\n<li>Stupe\u0148 ochrany IPX4<\/li>\n<li>Prepojenie so syst\u00e9mami iOS a Android<\/li>\n<li>Bez\u00fadr\u017ebov\u00e9 9&#8243; pneumatiky<\/li>\n<li>Maxim\u00e1lna nosnos\u0165 100 kg<\/li>\n<li>V\u00fdkon 300 W<\/li>\n<li>Bluetooth<\/li>\n<li>Rozmery 116 x 42 x 117 cm<\/li>\n<li>Hmotnos\u0165 16,4 kg<\/li>\n<li>Hmotnos\u0165 balenia pribli\u017ene 19 kg<\/li>\n<\/ul>\n","protected":false},"excerpt":{"rendered":"<div class=\"elementor-element elementor-element-d098734 elementor-widget elementor-widget-heading\" data-id=\"d098734\" data-element_type=\"widget\" data-widget_type=\"heading.default\">\n<div class=\"elementor-widget-container\">\n<div class=\"elementor-element elementor-element-d098734 elementor-widget elementor-widget-heading\" data-id=\"d098734\" data-element_type=\"widget\" data-widget_type=\"heading.default\">\n<div class=\"elementor-widget-container\">\n<div class=\"elementor-element elementor-element-d098734 elementor-widget elementor-widget-heading\" data-id=\"d098734\" data-element_type=\"widget\" data-widget_type=\"heading.default\">\n<div class=\"elementor-widget-container\">\n<div class=\"elementor-element elementor-element-d098734 elementor-widget elementor-widget-heading\" data-id=\"d098734\" data-element_type=\"widget\" data-widget_type=\"heading.default\">\n<div class=\"elementor-widget-container\">\n<h5 class=\"elementor-heading-title elementor-size-default\">Pre po\u017ei\u010danie sortimentu je potrebn\u00e9 vytvori\u0165 revezv\u00e1ciu.<\/h5>\n<\/div>\n<\/div>\n<section class=\"elementor-section elementor-inner-section elementor-element elementor-element-caaf8d8 elementor-section-boxed elementor-section-height-default elementor-section-height-default\" data-id=\"caaf8d8\" data-element_type=\"section\">\n<div class=\"elementor-container elementor-column-gap-default\">\n<div class=\"elementor-widget-wrap elementor-element-populated\">\n<div class=\"elementor-element elementor-element-09697ed elementor-widget elementor-widget-heading\" data-id=\"09697ed\" data-element_type=\"widget\" data-widget_type=\"heading.default\">\n<div class=\"elementor-widget-container\">\n<h5 class=\"elementor-heading-title elementor-size-default\">Telefonicky: +421 918 474 609<\/h5>\n<\/div>\n<\/div>\n<\/div>\n<div class=\"elementor-column elementor-col-50 elementor-inner-column elementor-element elementor-element-5c29783\" data-id=\"5c29783\" data-element_type=\"column\">\n<div class=\"elementor-widget-wrap elementor-element-populated\">\n<div class=\"elementor-widget-container\">\n<h5 class=\"elementor-heading-title elementor-size-default\">E-mailom: info@pozicajma.eu<\/h5>\n<h5 class=\"elementor-heading-title elementor-size-default\"><a href=\"https:\/\/pozicajma.eu\/index.php\/cennik\/\">Cenn\u00edk<\/a><\/h5>\n<\/div>\n<\/div>\n<\/div>\n<\/div>\n<\/section>\n<\/div>\n<\/div>\n<\/div>\n<\/div>\n<\/div>\n<\/div>\n","protected":false},"featured_media":1918,"comment_status":"open","ping_status":"closed","template":"","meta":{"site-sidebar-layout":"default","site-content-layout":"default","ast-site-content-layout":"default","site-content-style":"default","site-sidebar-style":"default","ast-global-header-display":"","ast-banner-title-visibility":"","ast-main-header-display":"","ast-hfb-above-header-display":"","ast-hfb-below-header-display":"","ast-hfb-mobile-header-display":"","site-post-title":"","ast-breadcrumbs-content":"","ast-featured-img":"","footer-sml-layout":"","ast-disable-related-posts":"","theme-transparent-header-meta":"default","adv-header-id-meta":"","stick-header-meta":"","header-above-stick-meta":"","header-main-stick-meta":"","header-below-stick-meta":"","astra-migrate-meta-layouts":"default","ast-page-background-enabled":"default","ast-page-background-meta":{"desktop":{"background-color":"","background-image":"","background-repeat":"repeat","background-position":"center center","background-size":"auto","background-attachment":"scroll","background-type":"","background-media":"","overlay-type":"","overlay-color":"","overlay-opacity":"","overlay-gradient":""},"tablet":{"background-color":"","background-image":"","background-repeat":"repeat","background-position":"center center","background-size":"auto","background-attachment":"scroll","background-type":"","background-media":"","overlay-type":"","overlay-color":"","overlay-opacity":"","overlay-gradient":""},"mobile":{"background-color":"","background-image":"","background-repeat":"repeat","background-position":"center center","background-size":"auto","background-attachment":"scroll","background-type":"","background-media":"","overlay-type":"","overlay-color":"","overlay-opacity":"","overlay-gradient":""}},"ast-content-background-meta":{"desktop":{"background-color":"var(--ast-global-color-5)","background-image":"","background-repeat":"repeat","background-position":"center center","background-size":"auto","background-attachment":"scroll","background-type":"","background-media":"","overlay-type":"","overlay-color":"","overlay-opacity":"","overlay-gradient":""},"tablet":{"background-color":"var(--ast-global-color-5)","background-image":"","background-repeat":"repeat","background-position":"center center","background-size":"auto","background-attachment":"scroll","background-type":"","background-media":"","overlay-type":"","overlay-color":"","overlay-opacity":"","overlay-gradient":""},"mobile":{"background-color":"var(--ast-global-color-5)","background-image":"","background-repeat":"repeat","background-position":"center center","background-size":"auto","background-attachment":"scroll","background-type":"","background-media":"","overlay-type":"","overlay-color":"","overlay-opacity":"","overlay-gradient":""}}},"product_brand":[],"product_cat":[72],"product_tag":[],"mwb_booking_cost":[],"mwb_booking_service":[],"class_list":{"0":"post-2107","1":"product","2":"type-product","3":"status-publish","4":"has-post-thumbnail","6":"product_cat-kolobezky","7":"desktop-align-left","8":"tablet-align-left","9":"mobile-align-left","11":"first","12":"instock","13":"virtual","14":"product-type-simple"},"_links":{"self":[{"href":"https:\/\/pozicajma.eu\/index.php\/wp-json\/wp\/v2\/product\/2107","targetHints":{"allow":["GET"]}}],"collection":[{"href":"https:\/\/pozicajma.eu\/index.php\/wp-json\/wp\/v2\/product"}],"about":[{"href":"https:\/\/pozicajma.eu\/index.php\/wp-json\/wp\/v2\/types\/product"}],"replies":[{"embeddable":true,"href":"https:\/\/pozicajma.eu\/index.php\/wp-json\/wp\/v2\/comments?post=2107"}],"wp:featuredmedia":[{"embeddable":true,"href":"https:\/\/pozicajma.eu\/index.php\/wp-json\/wp\/v2\/media\/1918"}],"wp:attachment":[{"href":"https:\/\/pozicajma.eu\/index.php\/wp-json\/wp\/v2\/media?parent=2107"}],"wp:term":[{"taxonomy":"product_brand","embeddable":true,"href":"https:\/\/pozicajma.eu\/index.php\/wp-json\/wp\/v2\/product_brand?post=2107"},{"taxonomy":"product_cat","embeddable":true,"href":"https:\/\/pozicajma.eu\/index.php\/wp-json\/wp\/v2\/product_cat?post=2107"},{"taxonomy":"product_tag","embeddable":true,"href":"https:\/\/pozicajma.eu\/index.php\/wp-json\/wp\/v2\/product_tag?post=2107"},{"taxonomy":"mwb_booking_cost","embeddable":true,"href":"https:\/\/pozicajma.eu\/index.php\/wp-json\/wp\/v2\/mwb_booking_cost?post=2107"},{"taxonomy":"mwb_booking_service","embeddable":true,"href":"https:\/\/pozicajma.eu\/index.php\/wp-json\/wp\/v2\/mwb_booking_service?post=2107"}],"curies":[{"name":"wp","href":"https:\/\/api.w.org\/{rel}","templated":true}]}}