{"id":2106,"date":"2023-03-15T14:53:31","date_gmt":"2023-03-15T13:53:31","guid":{"rendered":"https:\/\/pozicajma.eu\/?post_type=product&#038;p=2106"},"modified":"2026-04-15T22:45:53","modified_gmt":"2026-04-15T20:45:53","slug":"cyklovozik-qeridoo-qupa1-copy","status":"publish","type":"product","link":"https:\/\/pozicajma.eu\/index.php\/produkt\/cyklovozik-qeridoo-qupa1-copy\/","title":{"rendered":"Cyklovoz\u00edk Qeridoo Qupa1"},"content":{"rendered":"<h4>Popis<\/h4>\n<p>Jednomiestny odpru\u017een\u00fd detsk\u00fd voz\u00edk za bicykel Qeridoo Qupa1. Pon\u00faka komfortn\u00e9 sedadlo s adapt\u00edvnym 5-bodov\u00fdm p\u00e1som a ko\u010d\u00edkov\u00e9 koliesko Multiwheel s funkciou aret\u00e1cie. Odpor\u00fa\u010dame pre deti s maxim\u00e1lnou v\u00fd\u0161kou 116,5 cm.<br \/>\n<strong>KOMFORT<\/strong><br \/>\nKomfortn\u00e9\u00a0sedadlo s adapt\u00edvnym 5-bodov\u00fdm p\u00e1som<br \/>\nMultiwheel\u00a0&#8211; ko\u010d\u00edkov\u00e9 koliesko s funkciou jogger (aret\u00e1cia)<br \/>\nV\u00fd\u0161kovo\u00a0nastavite\u013en\u00e1 tla\u010dn\u00e1 rukov\u00e4\u0165 s ochranou pri prevr\u00e1ten\u00ed<br \/>\nStre\u0161n\u00fd\u00a0kryt 3v1 (ochrana proti hmyzu, ochrana proti slnku a ochrana proti\u00a0striekaj\u00facej vode)<br \/>\n\u0164a\u017en\u00e9\u00a0zariadenie s univerz\u00e1lnou spojkou a funkciou r\u00fdchlej v\u00fdmeny<br \/>\nBDS+\u00a0Syst\u00e9m tlmenia listov\u00e9ho pera pomocou elastom\u00e9ru<br \/>\nParkovacia\u00a0brzda s ovl\u00e1dan\u00edm z rukov\u00e4te<br \/>\nPraktick\u00fd\u00a0\u00falo\u017en\u00fd priestor<br \/>\nKompaktn\u00fd\u00a0rozmer po zlo\u017een\u00ed<\/p>\n<p>&nbsp;<\/p>\n<p><strong>ROZMERY<br \/>\n<\/strong>V\u00fd\u0161ka\u00a0kab\u00edny: 90 cm<br \/>\nV\u00fd\u0161ka\u00a0rukov\u00e4te: 68 &#8211; 125 cm<br \/>\nRozmery\u00a0v zlo\u017eenom stave: 105 x 62 x 36 cm<br \/>\nMax.\u00a0celkov\u00e1 hmotnos\u0165: 50 kg<br \/>\nObjem\u00a0kufra: 30 l<\/p>\n<p>&nbsp;<\/p>\n<p><strong>BEZPE\u010cNOS\u0164<\/strong><br \/>\nKon\u0161truovan\u00e9\u00a0a testovan\u00e9 pod\u013ea DIN EN 15918\/testovan\u00e9 na \u0161kodliv\u00e9 l\u00e1tky<br \/>\nVystu\u017een\u00fd\u00a0hlin\u00edkov\u00fd r\u00e1m s ochranou podlahy<br \/>\nN\u00edzke\u00a0\u0165a\u017eisko pre v\u00e4\u010d\u0161iu stabilitu<br \/>\nZv\u00fd\u0161en\u00e1\u00a0svetl\u00e1 v\u00fd\u0161ka vn\u00fatorn\u00e9ho priestoru<br \/>\nOchrana\u00a0proti n\u00e1razu zozadu<br \/>\nUp\u00ednac\u00ed\u00a0syst\u00e9m s 5-bodov\u00fdm bezpe\u010dnostn\u00fdm p\u00e1som a inovat\u00edvnym ovl\u00e1dan\u00edm<br \/>\nPostrann\u00e9\u00a0chr\u00e1ni\u010de hlavy s reflexnou f\u00f3liou<br \/>\nReflexn\u00e9\u00a0prvky na pl\u00e1\u0161\u0165och<\/p>\n","protected":false},"excerpt":{"rendered":"<div class=\"elementor-element elementor-element-d098734 elementor-widget elementor-widget-heading\" data-id=\"d098734\" data-element_type=\"widget\" data-widget_type=\"heading.default\">\n<div class=\"elementor-widget-container\">\n<div class=\"elementor-element elementor-element-d098734 elementor-widget elementor-widget-heading\" data-id=\"d098734\" data-element_type=\"widget\" data-widget_type=\"heading.default\">\n<div class=\"elementor-widget-container\">\n<h5 class=\"elementor-heading-title elementor-size-default\">Pre po\u017ei\u010danie sortimentu je potrebn\u00e9 vytvori\u0165 revezv\u00e1ciu.<\/h5>\n<\/div>\n<\/div>\n<section class=\"elementor-section elementor-inner-section elementor-element elementor-element-caaf8d8 elementor-section-boxed elementor-section-height-default elementor-section-height-default\" data-id=\"caaf8d8\" data-element_type=\"section\">\n<div class=\"elementor-container elementor-column-gap-default\">\n<div class=\"elementor-widget-wrap elementor-element-populated\">\n<div class=\"elementor-element elementor-element-09697ed elementor-widget elementor-widget-heading\" data-id=\"09697ed\" data-element_type=\"widget\" data-widget_type=\"heading.default\">\n<div class=\"elementor-widget-container\">\n<h5 class=\"elementor-heading-title elementor-size-default\">Telefonicky: +421 918 474 609<\/h5>\n<\/div>\n<\/div>\n<\/div>\n<div class=\"elementor-column elementor-col-50 elementor-inner-column elementor-element elementor-element-5c29783\" data-id=\"5c29783\" data-element_type=\"column\">\n<div class=\"elementor-widget-wrap elementor-element-populated\">\n<div class=\"elementor-widget-container\">\n<h5 class=\"elementor-heading-title elementor-size-default\">E-mailom: info@pozicajma.eu<\/h5>\n<\/div>\n<h5 class=\"elementor-heading-title elementor-size-default\"><a href=\"https:\/\/pozicajma.eu\/index.php\/cennik\/\">Cenn\u00edk<\/a><\/h5>\n<\/div>\n<\/div>\n<\/div>\n<\/section>\n<\/div>\n<\/div>\n","protected":false},"featured_media":1934,"comment_status":"open","ping_status":"closed","template":"","meta":{"site-sidebar-layout":"default","site-content-layout":"default","ast-site-content-layout":"default","site-content-style":"default","site-sidebar-style":"default","ast-global-header-display":"","ast-banner-title-visibility":"","ast-main-header-display":"","ast-hfb-above-header-display":"","ast-hfb-below-header-display":"","ast-hfb-mobile-header-display":"","site-post-title":"","ast-breadcrumbs-content":"","ast-featured-img":"","footer-sml-layout":"","ast-disable-related-posts":"","theme-transparent-header-meta":"default","adv-header-id-meta":"","stick-header-meta":"","header-above-stick-meta":"","header-main-stick-meta":"","header-below-stick-meta":"","astra-migrate-meta-layouts":"default","ast-page-background-enabled":"default","ast-page-background-meta":{"desktop":{"background-color":"","background-image":"","background-repeat":"repeat","background-position":"center center","background-size":"auto","background-attachment":"scroll","background-type":"","background-media":"","overlay-type":"","overlay-color":"","overlay-opacity":"","overlay-gradient":""},"tablet":{"background-color":"","background-image":"","background-repeat":"repeat","background-position":"center center","background-size":"auto","background-attachment":"scroll","background-type":"","background-media":"","overlay-type":"","overlay-color":"","overlay-opacity":"","overlay-gradient":""},"mobile":{"background-color":"","background-image":"","background-repeat":"repeat","background-position":"center center","background-size":"auto","background-attachment":"scroll","background-type":"","background-media":"","overlay-type":"","overlay-color":"","overlay-opacity":"","overlay-gradient":""}},"ast-content-background-meta":{"desktop":{"background-color":"var(--ast-global-color-5)","background-image":"","background-repeat":"repeat","background-position":"center center","background-size":"auto","background-attachment":"scroll","background-type":"","background-media":"","overlay-type":"","overlay-color":"","overlay-opacity":"","overlay-gradient":""},"tablet":{"background-color":"var(--ast-global-color-5)","background-image":"","background-repeat":"repeat","background-position":"center center","background-size":"auto","background-attachment":"scroll","background-type":"","background-media":"","overlay-type":"","overlay-color":"","overlay-opacity":"","overlay-gradient":""},"mobile":{"background-color":"var(--ast-global-color-5)","background-image":"","background-repeat":"repeat","background-position":"center center","background-size":"auto","background-attachment":"scroll","background-type":"","background-media":"","overlay-type":"","overlay-color":"","overlay-opacity":"","overlay-gradient":""}}},"product_brand":[],"product_cat":[77],"product_tag":[],"mwb_booking_cost":[],"mwb_booking_service":[],"class_list":{"0":"post-2106","1":"product","2":"type-product","3":"status-publish","4":"has-post-thumbnail","6":"product_cat-cyklovozik","7":"desktop-align-left","8":"tablet-align-left","9":"mobile-align-left","11":"first","12":"instock","13":"virtual","14":"product-type-simple"},"_links":{"self":[{"href":"https:\/\/pozicajma.eu\/index.php\/wp-json\/wp\/v2\/product\/2106","targetHints":{"allow":["GET"]}}],"collection":[{"href":"https:\/\/pozicajma.eu\/index.php\/wp-json\/wp\/v2\/product"}],"about":[{"href":"https:\/\/pozicajma.eu\/index.php\/wp-json\/wp\/v2\/types\/product"}],"replies":[{"embeddable":true,"href":"https:\/\/pozicajma.eu\/index.php\/wp-json\/wp\/v2\/comments?post=2106"}],"wp:featuredmedia":[{"embeddable":true,"href":"https:\/\/pozicajma.eu\/index.php\/wp-json\/wp\/v2\/media\/1934"}],"wp:attachment":[{"href":"https:\/\/pozicajma.eu\/index.php\/wp-json\/wp\/v2\/media?parent=2106"}],"wp:term":[{"taxonomy":"product_brand","embeddable":true,"href":"https:\/\/pozicajma.eu\/index.php\/wp-json\/wp\/v2\/product_brand?post=2106"},{"taxonomy":"product_cat","embeddable":true,"href":"https:\/\/pozicajma.eu\/index.php\/wp-json\/wp\/v2\/product_cat?post=2106"},{"taxonomy":"product_tag","embeddable":true,"href":"https:\/\/pozicajma.eu\/index.php\/wp-json\/wp\/v2\/product_tag?post=2106"},{"taxonomy":"mwb_booking_cost","embeddable":true,"href":"https:\/\/pozicajma.eu\/index.php\/wp-json\/wp\/v2\/mwb_booking_cost?post=2106"},{"taxonomy":"mwb_booking_service","embeddable":true,"href":"https:\/\/pozicajma.eu\/index.php\/wp-json\/wp\/v2\/mwb_booking_service?post=2106"}],"curies":[{"name":"wp","href":"https:\/\/api.w.org\/{rel}","templated":true}]}}