{"id":2105,"date":"2023-03-15T14:53:18","date_gmt":"2023-03-15T13:53:18","guid":{"rendered":"https:\/\/pozicajma.eu\/?post_type=product&#038;p=2105"},"modified":"2026-05-06T03:34:37","modified_gmt":"2026-05-06T01:34:37","slug":"cyklovozik-dryk-duo-copy","status":"publish","type":"product","link":"https:\/\/pozicajma.eu\/index.php\/produkt\/cyklovozik-dryk-duo-copy\/","title":{"rendered":"Cyklovoz\u00edk Dryk DUO"},"content":{"rendered":"<h4>Popis<\/h4>\n<p><strong>Mul<\/strong><strong>tifunk\u010dn\u00fd voz\u00edk za bicykel a ko\u010d\u00edk v jednom<\/strong><\/p>\n<p>Jednoduch\u00e1 manipul\u00e1cia<\/p>\n<p>Viac mobility pre akt\u00edvny \u017eivotn\u00fd \u0161t\u00fdl rodi\u010dov<\/p>\n<p>Bez oh\u013eadu na to, \u010di je ko\u010d\u00edkom alebo pr\u00edvesom na bicykli, zais\u0165uje bezpe\u010dnos\u0165 a pohodlie Va\u0161ich det\u00ed a tie\u017e jednoduch\u00fa manipul\u00e1ciu pre V\u00e1s.<\/p>\n<p>DRYK DUO sa men\u00ed z jedn\u00e9ho vyu\u017eitia na druh\u00e9 v \u0161tyroch jednoduch\u00fdch krokoch.<\/p>\n<p><strong>SLIM DESIGN PRE KA\u017dDODENN\u00dd \u017dIVOT<\/strong><br \/>\nSo \u0161\u00edrkou iba 79 cm sa DRYK DUO dokonale prisp\u00f4sob\u00ed mestsk\u00e9mu \u017eivotn\u00e9mu \u0161t\u00fdlu.<br \/>\n\u013dahko sa vojde do dver\u00ed v\u00e1\u0161ho domu, na cyklotrasu, medzi reg\u00e1lmi v obchode aj do ak\u00e9hoko\u013evek \u0161tandardn\u00e9ho v\u00fd\u0165ahu.<\/p>\n<p><strong>SEDENIE PRE 2 DETI<\/strong><br \/>\nV DRYK DUO bud\u00fa ma\u0165 va\u0161e deti bezpe\u010dn\u00fa a pohodln\u00fa jazdu do \u0161k\u00f4lky, alebo po\u010das v\u00edkendovej cesty mimo domova.<br \/>\nPon\u00faka sedenie pre dve deti do telesnej hmotnosti ka\u017ed\u00e9ho 22 kg.<\/p>\n<ul>\n<li>Od pr\u00edvesu na bicykel a\u017e po ko\u010d\u00edk<\/li>\n<li>\u013dahk\u00fd prechod POMOCOU LEN 4 KROKOV<\/li>\n<\/ul>\n<p>V\u010faka \u0161ed\u00fdm funk\u010dn\u00fdm tla\u010didl\u00e1m je proces prechodu z ko\u010d\u00edka na pr\u00edves na bicykel a sp\u00e4\u0165 jasn\u00fd a jednoduch\u00fd.<\/p>\n","protected":false},"excerpt":{"rendered":"<div class=\"elementor-element elementor-element-d098734 elementor-widget elementor-widget-heading\" data-id=\"d098734\" data-element_type=\"widget\" data-widget_type=\"heading.default\">\n<div class=\"elementor-widget-container\">\n<div class=\"elementor-element elementor-element-d098734 elementor-widget elementor-widget-heading\" data-id=\"d098734\" data-element_type=\"widget\" data-widget_type=\"heading.default\">\n<div class=\"elementor-widget-container\">\n<div class=\"elementor-element elementor-element-d098734 elementor-widget elementor-widget-heading\" data-id=\"d098734\" data-element_type=\"widget\" data-widget_type=\"heading.default\">\n<div class=\"elementor-widget-container\">\n<div class=\"elementor-element elementor-element-d098734 elementor-widget elementor-widget-heading\" data-id=\"d098734\" data-element_type=\"widget\" data-widget_type=\"heading.default\">\n<div class=\"elementor-widget-container\">\n<h5 class=\"elementor-heading-title elementor-size-default\">Pre po\u017ei\u010danie sortimentu je potrebn\u00e9 vytvori\u0165 revezv\u00e1ciu.<\/h5>\n<\/div>\n<\/div>\n<section class=\"elementor-section elementor-inner-section elementor-element elementor-element-caaf8d8 elementor-section-boxed elementor-section-height-default elementor-section-height-default\" data-id=\"caaf8d8\" data-element_type=\"section\">\n<div class=\"elementor-container elementor-column-gap-default\">\n<div class=\"elementor-widget-wrap elementor-element-populated\">\n<div class=\"elementor-element elementor-element-09697ed elementor-widget elementor-widget-heading\" data-id=\"09697ed\" data-element_type=\"widget\" data-widget_type=\"heading.default\">\n<div class=\"elementor-widget-container\">\n<h5 class=\"elementor-heading-title elementor-size-default\">Telefonicky: +421 918 474 609<\/h5>\n<\/div>\n<\/div>\n<\/div>\n<div class=\"elementor-column elementor-col-50 elementor-inner-column elementor-element elementor-element-5c29783\" data-id=\"5c29783\" data-element_type=\"column\">\n<div class=\"elementor-widget-wrap elementor-element-populated\">\n<div class=\"elementor-widget-container\">\n<h5 class=\"elementor-heading-title elementor-size-default\">E-mailom: info@pozicajma.eu<\/h5>\n<h5 class=\"elementor-heading-title elementor-size-default\"><a href=\"https:\/\/pozicajma.eu\/index.php\/cennik\/\">Cenn\u00edk<\/a><\/h5>\n<\/div>\n<\/div>\n<\/div>\n<\/div>\n<\/section>\n<\/div>\n<\/div>\n<\/div>\n<\/div>\n<\/div>\n<\/div>\n","protected":false},"featured_media":1928,"comment_status":"open","ping_status":"closed","template":"","meta":{"site-sidebar-layout":"default","site-content-layout":"default","ast-site-content-layout":"default","site-content-style":"default","site-sidebar-style":"default","ast-global-header-display":"","ast-banner-title-visibility":"","ast-main-header-display":"","ast-hfb-above-header-display":"","ast-hfb-below-header-display":"","ast-hfb-mobile-header-display":"","site-post-title":"","ast-breadcrumbs-content":"","ast-featured-img":"","footer-sml-layout":"","ast-disable-related-posts":"","theme-transparent-header-meta":"default","adv-header-id-meta":"","stick-header-meta":"","header-above-stick-meta":"","header-main-stick-meta":"","header-below-stick-meta":"","astra-migrate-meta-layouts":"default","ast-page-background-enabled":"default","ast-page-background-meta":{"desktop":{"background-color":"","background-image":"","background-repeat":"repeat","background-position":"center center","background-size":"auto","background-attachment":"scroll","background-type":"","background-media":"","overlay-type":"","overlay-color":"","overlay-opacity":"","overlay-gradient":""},"tablet":{"background-color":"","background-image":"","background-repeat":"repeat","background-position":"center center","background-size":"auto","background-attachment":"scroll","background-type":"","background-media":"","overlay-type":"","overlay-color":"","overlay-opacity":"","overlay-gradient":""},"mobile":{"background-color":"","background-image":"","background-repeat":"repeat","background-position":"center center","background-size":"auto","background-attachment":"scroll","background-type":"","background-media":"","overlay-type":"","overlay-color":"","overlay-opacity":"","overlay-gradient":""}},"ast-content-background-meta":{"desktop":{"background-color":"var(--ast-global-color-5)","background-image":"","background-repeat":"repeat","background-position":"center center","background-size":"auto","background-attachment":"scroll","background-type":"","background-media":"","overlay-type":"","overlay-color":"","overlay-opacity":"","overlay-gradient":""},"tablet":{"background-color":"var(--ast-global-color-5)","background-image":"","background-repeat":"repeat","background-position":"center center","background-size":"auto","background-attachment":"scroll","background-type":"","background-media":"","overlay-type":"","overlay-color":"","overlay-opacity":"","overlay-gradient":""},"mobile":{"background-color":"var(--ast-global-color-5)","background-image":"","background-repeat":"repeat","background-position":"center center","background-size":"auto","background-attachment":"scroll","background-type":"","background-media":"","overlay-type":"","overlay-color":"","overlay-opacity":"","overlay-gradient":""}}},"product_brand":[],"product_cat":[77],"product_tag":[],"mwb_booking_cost":[],"mwb_booking_service":[],"class_list":{"0":"post-2105","1":"product","2":"type-product","3":"status-publish","4":"has-post-thumbnail","6":"product_cat-cyklovozik","7":"desktop-align-left","8":"tablet-align-left","9":"mobile-align-left","11":"first","12":"instock","13":"virtual","14":"product-type-simple"},"_links":{"self":[{"href":"https:\/\/pozicajma.eu\/index.php\/wp-json\/wp\/v2\/product\/2105","targetHints":{"allow":["GET"]}}],"collection":[{"href":"https:\/\/pozicajma.eu\/index.php\/wp-json\/wp\/v2\/product"}],"about":[{"href":"https:\/\/pozicajma.eu\/index.php\/wp-json\/wp\/v2\/types\/product"}],"replies":[{"embeddable":true,"href":"https:\/\/pozicajma.eu\/index.php\/wp-json\/wp\/v2\/comments?post=2105"}],"wp:featuredmedia":[{"embeddable":true,"href":"https:\/\/pozicajma.eu\/index.php\/wp-json\/wp\/v2\/media\/1928"}],"wp:attachment":[{"href":"https:\/\/pozicajma.eu\/index.php\/wp-json\/wp\/v2\/media?parent=2105"}],"wp:term":[{"taxonomy":"product_brand","embeddable":true,"href":"https:\/\/pozicajma.eu\/index.php\/wp-json\/wp\/v2\/product_brand?post=2105"},{"taxonomy":"product_cat","embeddable":true,"href":"https:\/\/pozicajma.eu\/index.php\/wp-json\/wp\/v2\/product_cat?post=2105"},{"taxonomy":"product_tag","embeddable":true,"href":"https:\/\/pozicajma.eu\/index.php\/wp-json\/wp\/v2\/product_tag?post=2105"},{"taxonomy":"mwb_booking_cost","embeddable":true,"href":"https:\/\/pozicajma.eu\/index.php\/wp-json\/wp\/v2\/mwb_booking_cost?post=2105"},{"taxonomy":"mwb_booking_service","embeddable":true,"href":"https:\/\/pozicajma.eu\/index.php\/wp-json\/wp\/v2\/mwb_booking_service?post=2105"}],"curies":[{"name":"wp","href":"https:\/\/api.w.org\/{rel}","templated":true}]}}